{"id":124,"date":"2020-04-17T16:36:37","date_gmt":"2020-04-17T14:36:37","guid":{"rendered":"http:\/\/itaguadalupe.co\/pagina\/?page_id=124"},"modified":"2020-11-26T16:00:52","modified_gmt":"2020-11-26T15:00:52","slug":"guias-actividades","status":"publish","type":"page","link":"http:\/\/itaguadalupe.co\/pagina\/guias-actividades\/","title":{"rendered":"Gu\u00edas Actividades"},"content":{"rendered":"\n<h2><strong>ACTIVIDADES DE CULMINACI\u00d3N A\u00d1O ESCOLAR 2020<\/strong> Y MATRICULAS 2021<\/h2>\n\n\n\n<p>Agradezco a toda la receptividad, el compromiso con la comunidad educativa Itaista, la actitud de colaboraci\u00f3n y escucha que hemos encontrado en ustedes, para juntos afrontar la emergencia sanitaria que vive el pa\u00eds, y sobre todo a nuestro Dios Soberano que nos ha dado la fortaleza para que con esfuerzo y valor podamos salir avante en cada uno de los retos presentados. <\/p>\n\n\n\n<p>Teniendo en cuenta lo anterior se hace necesario definir el cronograma final de culminaci\u00f3n del a\u00f1o escolar 2020, acogi\u00e9ndonos a las directrices impartidas por la Resoluci\u00f3n No. 04280 de fecha 23 de Junio de 2020 expedida por \u00a0la Secretar\u00eda de Educaci\u00f3n de Santander la cual define el calendario acad\u00e9mico 2020.<\/p>\n\n\n\n<div class=\"wp-block-file\"><a href=\"https:\/\/itaguadalupe.co\/pagina\/wp-content\/uploads\/2020\/11\/Circular-No05-ITA-2020.pdf\"><br>Descargue el documento: Circular-No05-ITA-2020<\/a><a href=\"https:\/\/itaguadalupe.co\/pagina\/wp-content\/uploads\/2020\/11\/Circular-No05-ITA-2020.pdf\" class=\"wp-block-file__button\" download>Descargar<\/a><\/div>\n\n\n\n<hr class=\"wp-block-separator\"\/>\n\n\n\n<hr class=\"wp-block-separator\"\/>\n\n\n\n<hr class=\"wp-block-separator\"\/>\n\n\n\n<h1>GU\u00cdAS MES DE NOVIEMBRE 2020<\/h1>\n\n\n\n<p>Estimados Estudiantes y Padres de Familia.<\/p>\n\n\n\n<p>Hago llegar las gu\u00edas de aprendizaje aut\u00f3nomo para el periodo comprendido&nbsp;del mes de Noviembre de 2020,&nbsp; las cuales ser\u00e1n implementadas en el INSTITUTO T\u00c9CNICO AGROPECUARIO DE GUADALUPE.<\/p>\n\n\n\n<p>Estas gu\u00edas ser\u00e1n entregadas f\u00edsicamente el viernes 6&nbsp; de Noviembre de 2020. Se utilizar\u00e1 la emisora municipal para difundir los sitios y horarios de entrega a los padres de familia, quienes deber\u00e1n presentarse con las debidas medidas de protecci\u00f3n.<\/p>\n\n\n\n<blockquote class=\"wp-block-quote\"><p>B\u00e1sica Primaria &#8211; Sede Central<\/p><cite><a href=\"https:\/\/drive.google.com\/drive\/folders\/1TldCLCEwNztM1O81dMNiHOUs8DqY3cEb?usp=sharing\" target=\"_blank\" rel=\"noreferrer noopener\">https:\/\/drive.google.com\/drive\/folders\/1TldCLCEwNztM1O81dMNiHOUs8DqY3cEb?usp=sharing<\/a><\/cite><\/blockquote>\n\n\n\n<blockquote class=\"wp-block-quote\"><p>B\u00e1sica Secundaria &#8211; Sede Central<\/p><cite><a href=\"https:\/\/drive.google.com\/drive\/folders\/1CvRPrrbRrnSxtnMPc2J54vqSf6g6rh1_?usp=sharing\" target=\"_blank\" rel=\"noreferrer noopener\">https:\/\/drive.google.com\/drive\/folders\/1CvRPrrbRrnSxtnMPc2J54vqSf6g6rh1_?usp=sharing<\/a><\/cite><\/blockquote>\n\n\n\n<blockquote class=\"wp-block-quote\"><p>B\u00e1sica Primaria &#8211; Sedes Rurales<\/p><cite><a href=\"https:\/\/drive.google.com\/drive\/folders\/1gwR44cvQX_jJlEWz1koap4VURtNBR6cL?usp=sharing\" target=\"_blank\" rel=\"noreferrer noopener\">https:\/\/drive.google.com\/drive\/folders\/1gwR44cvQX_jJlEWz1koap4VURtNBR6cL?usp=sharing<\/a><\/cite><\/blockquote>\n\n\n\n<blockquote class=\"wp-block-quote\"><p>PosPrimaria &#8211; Sede San Antonio<\/p><cite><a href=\"https:\/\/drive.google.com\/drive\/folders\/1OVm24ya1Ugw84A_1ugnmBHDVkj4e9dqS?usp=sharing\" target=\"_blank\" rel=\"noreferrer noopener\">https:\/\/drive.google.com\/drive\/folders\/1OVm24ya1Ugw84A_1ugnmBHDVkj4e9dqS?usp=sharing<\/a><\/cite><\/blockquote>\n\n\n\n<blockquote class=\"wp-block-quote\"><p>Sena Articulaci\u00f3n Grados D\u00e9cimo y Once<\/p><cite><a href=\"https:\/\/drive.google.com\/drive\/folders\/11l-BnUafdS_jMGxcc2mA_lqdlP4sQJe4?usp=sharing\" target=\"_blank\" rel=\"noreferrer noopener\">https:\/\/drive.google.com\/drive\/folders\/11l-BnUafdS_jMGxcc2mA_lqdlP4sQJe4?usp=sharing<\/a><\/cite><\/blockquote>\n\n\n\n<hr class=\"wp-block-separator\"\/>\n\n\n\n<hr class=\"wp-block-separator\"\/>\n\n\n\n<hr class=\"wp-block-separator\"\/>\n\n\n\n<h1>GU\u00cdAS MES DE OCTUBRE 2020<\/h1>\n\n\n\n<p>Estimados Estudiantes y Padres de Familia.<\/p>\n\n\n\n<p>Hago llegar las gu\u00edas de aprendizaje aut\u00f3nomo para el periodo comprendido&nbsp;del mes de Octubre de 2020,&nbsp; las cuales ser\u00e1n implementadas en el INSTITUTO T\u00c9CNICO AGROPECUARIO DE GUADALUPE.<\/p>\n\n\n\n<p>Estas gu\u00edas ser\u00e1n entregadas f\u00edsicamente el martes 6 y mi\u00e9rcoles 7 de octubre de 2020. Se utilizar\u00e1 la emisora municipal para difundir los sitios y horarios de entrega a los padres de familia, quienes deber\u00e1n presentarse con las debidas medidas de protecci\u00f3n.<\/p>\n\n\n\n<blockquote class=\"wp-block-quote\"><p>B\u00e1sica Primaria &#8211; Sede Central<\/p><cite><a href=\"https:\/\/drive.google.com\/drive\/folders\/15NSG8e9_AhQNfa88otbsx54vFAtVIl3P?usp=sharing\" target=\"_blank\" rel=\"noreferrer noopener\">https:\/\/drive.google.com\/drive\/folders\/15NSG8e9_AhQNfa88otbsx54vFAtVIl3P?usp=sharing<\/a><\/cite><\/blockquote>\n\n\n\n<blockquote class=\"wp-block-quote\"><p>B\u00e1sica Secundaria &#8211; Sede Central<\/p><cite><a href=\"https:\/\/drive.google.com\/drive\/folders\/1vX_CCF-3kTOEqfFBb2Kx8cAHo4pzd514?usp=sharing\" target=\"_blank\" rel=\"noreferrer noopener\">https:\/\/drive.google.com\/drive\/folders\/1vX_CCF-3kTOEqfFBb2Kx8cAHo4pzd514?usp=sharing<\/a><\/cite><\/blockquote>\n\n\n\n<blockquote class=\"wp-block-quote\"><p>B\u00e1sica Primaria &#8211; Sedes Rurales<\/p><cite><a href=\"https:\/\/drive.google.com\/drive\/folders\/1dzgGwtvG4DhF-TD-phSoRf2HFLdnCe8s?usp=sharing\" target=\"_blank\" rel=\"noreferrer noopener\">https:\/\/drive.google.com\/drive\/folders\/1dzgGwtvG4DhF-TD-phSoRf2HFLdnCe8s?usp=sharing<\/a><\/cite><\/blockquote>\n\n\n\n<blockquote class=\"wp-block-quote\"><p>PosPrimaria &#8211; Sede San Antonio<\/p><cite><a href=\"https:\/\/drive.google.com\/drive\/folders\/1y6bTJsRlNpfdpOVFe78dZXV3WOBa8ZSB?usp=sharing\" target=\"_blank\" rel=\"noreferrer noopener\">https:\/\/drive.google.com\/drive\/folders\/1y6bTJsRlNpfdpOVFe78dZXV3WOBa8ZSB?usp=sharing<\/a><\/cite><\/blockquote>\n\n\n\n<blockquote class=\"wp-block-quote\"><p>Sena Articulaci\u00f3n Grados D\u00e9cimo y Once<\/p><cite><a href=\"https:\/\/drive.google.com\/drive\/folders\/1pZAASFOrTwn_tLD1lh1HUKh1xcZhX2Pu?usp=sharing\" target=\"_blank\" rel=\"noreferrer noopener\">https:\/\/drive.google.com\/drive\/folders\/1pZAASFOrTwn_tLD1lh1HUKh1xcZhX2Pu?usp=sharing<\/a><\/cite><\/blockquote>\n\n\n\n<hr class=\"wp-block-separator\"\/>\n\n\n\n<hr class=\"wp-block-separator\"\/>\n\n\n\n<hr class=\"wp-block-separator\"\/>\n\n\n\n<h1>GU\u00cdAS MES DE SEPTIEMBRE 2020<\/h1>\n\n\n\n<p>Estimados Estudiantes y Padres de Familia.<\/p>\n\n\n\n<p>Hago llegar las gu\u00edas de aprendizaje aut\u00f3nomo para elperiodo comprendido&nbsp;del mes de Septiembre de 2020,&nbsp; las cuales ser\u00e1n implementadas en el INSTITUTO T\u00c9CNICO AGROPECUARIO DE GUADALUPE.<\/p>\n\n\n\n<p>Estas gu\u00edas ser\u00e1n entregadas f\u00edsicamente el viernes 04 deseptiembre de 2020. Se utilizar\u00e1 la emisora municipal para difundir los sitiosy horarios de entrega a los padres de familia, quienes deber\u00e1n presentarse conlas debidas medidas de protecci\u00f3n.<\/p>\n\n\n\n<blockquote class=\"wp-block-quote\"><p>B\u00e1sica Primaria &#8211; Sede Central<\/p><cite><a href=\"https:\/\/drive.google.com\/drive\/folders\/1I4M5vT7YomgKjvleCyxCGapzAWhxOvyg?usp=sharing\" target=\"_blank\" rel=\"noreferrer noopener\">https:\/\/drive.google.com\/drive\/folders\/1I4M5vT7YomgKjvleCyxCGapzAWhxOvyg?usp=sharing<\/a><\/cite><\/blockquote>\n\n\n\n<blockquote class=\"wp-block-quote\"><p>B\u00e1sica Secundaria &#8211; Sede Central<\/p><cite><a href=\"https:\/\/drive.google.com\/drive\/folders\/1dSfUVwZLH7OSXmqD7xUOrusxb3sogHUH?usp=sharing\" target=\"_blank\" rel=\"noreferrer noopener\">https:\/\/drive.google.com\/drive\/folders\/1dSfUVwZLH7OSXmqD7xUOrusxb3sogHUH?usp=sharing<\/a><\/cite><\/blockquote>\n\n\n\n<blockquote class=\"wp-block-quote\"><p>B\u00e1sica Primaria &#8211; Sedes Rurales<\/p><cite><a href=\"https:\/\/drive.google.com\/drive\/folders\/1_dB6F9_tuydePpXkoWg896dPpBVitH-u?usp=sharing\" target=\"_blank\" rel=\"noreferrer noopener\">https:\/\/drive.google.com\/drive\/folders\/1_dB6F9_tuydePpXkoWg896dPpBVitH-u?usp=sharing<\/a><\/cite><\/blockquote>\n\n\n\n<blockquote class=\"wp-block-quote\"><p>PosPrimaria &#8211; Sede San Antonio<\/p><cite><a href=\"https:\/\/drive.google.com\/drive\/folders\/1Hg1D8VTvJu0neo-ggHHXzIz5HMikgJLU?usp=sharing\" target=\"_blank\" rel=\"noreferrer noopener\">https:\/\/drive.google.com\/drive\/folders\/1Hg1D8VTvJu0neo-ggHHXzIz5HMikgJLU?usp=sharing<\/a><\/cite><\/blockquote>\n\n\n\n<blockquote class=\"wp-block-quote\"><p>Sena Articulaci\u00f3n Grados D\u00e9cimo y Once<\/p><cite><a href=\"https:\/\/drive.google.com\/drive\/folders\/1S6bk18Cb0srAg43zvDJUeXWHi181AXdi?usp=sharing\" target=\"_blank\" rel=\"noreferrer noopener\">https:\/\/drive.google.com\/drive\/folders\/1S6bk18Cb0srAg43zvDJUeXWHi181AXdi?usp=sharing<\/a><\/cite><\/blockquote>\n\n\n\n<hr class=\"wp-block-separator\"\/>\n\n\n\n<hr class=\"wp-block-separator\"\/>\n\n\n\n<hr class=\"wp-block-separator\"\/>\n\n\n\n<h1>GU\u00cdAS MES DE AGOSTO 2020<\/h1>\n\n\n\n<p>Estimados Estudiantes y Padres de Familia.<\/p>\n\n\n\n<p>Hago llegar las gu\u00edas del plan de contingencia para un periodo de tres (3) semanas comprendido entre el 10 al 30 de Agosto de 2020 &nbsp;las cuales ser\u00e1n implementadas en el INSTITUTO T\u00c9CNICO AGROPECUARIO DE GUADALUPE.<\/p>\n\n\n\n<p>Estas gu\u00edas ser\u00e1n entregadas f\u00edsicamente el Lunes 10 de Agosto de 2020. Se utilizar\u00e1 la emisora municipal para difundir los sitios y horarios de entrega a los padres de familia, quienes deber\u00e1n presentarse con las debidas medidas de protecci\u00f3n.<\/p>\n\n\n\n<p>El comunicado a padres de familia y estudiantes que adjunto es para realizar igualmente cargue en la p\u00e1gina web. Consiste en una carta de reflexi\u00f3n la cual debe quedar subida.<\/p>\n\n\n\n<div class=\"wp-block-file\"><a href=\"https:\/\/itaguadalupe.co\/pagina\/wp-content\/uploads\/2020\/08\/Comunicado-a-Padres-de-familia-y-estudiantes.pdf\">Ver el Comunicado-a-Padres-de-familia-y-estudiantes<\/a><a href=\"https:\/\/itaguadalupe.co\/pagina\/wp-content\/uploads\/2020\/08\/Comunicado-a-Padres-de-familia-y-estudiantes.pdf\" class=\"wp-block-file__button\" download>Descargar<\/a><\/div>\n\n\n\n<blockquote class=\"wp-block-quote\"><p>B\u00e1sica Primaria &#8211; Sede Central<\/p><cite><a href=\"https:\/\/drive.google.com\/drive\/folders\/1kxODBuM4QfhOD_sI1JB7vmNM18-cA2gq?usp=sharing\" target=\"_blank\" rel=\"noreferrer noopener\">https:\/\/drive.google.com\/drive\/folders\/1kxODBuM4QfhOD_sI1JB7vmNM18-cA2gq?usp=sharing<\/a><\/cite><\/blockquote>\n\n\n\n<blockquote class=\"wp-block-quote\"><p>B\u00e1sica Secundaria &#8211; Sede Central<\/p><cite><a href=\"https:\/\/drive.google.com\/drive\/folders\/16bF51Go9Tn1jro3hm8uvz1oULIOEihWA?usp=sharing\" target=\"_blank\" rel=\"noreferrer noopener\">https:\/\/drive.google.com\/drive\/folders\/16bF51Go9Tn1jro3hm8uvz1oULIOEihWA?usp=sharing<\/a><\/cite><\/blockquote>\n\n\n\n<blockquote class=\"wp-block-quote\"><p>B\u00e1sica Primaria &#8211; Sedes Rurales<\/p><cite><a href=\"https:\/\/drive.google.com\/drive\/folders\/1k2UvkX4V-yGPvKMHEBiw5mteG3onDZnz?usp=sharing\" target=\"_blank\" rel=\"noreferrer noopener\">https:\/\/drive.google.com\/drive\/folders\/1k2UvkX4V-yGPvKMHEBiw5mteG3onDZnz?usp=sharing<\/a><\/cite><\/blockquote>\n\n\n\n<blockquote class=\"wp-block-quote\"><p>PosPrimaria &#8211; Sede San Antonio<\/p><cite><a href=\"https:\/\/drive.google.com\/drive\/folders\/1PEpCJu5Z_7B4HK81dA542x4OcwNGbDYc?usp=sharing\" target=\"_blank\" rel=\"noreferrer noopener\">https:\/\/drive.google.com\/drive\/folders\/1PEpCJu5Z_7B4HK81dA542x4OcwNGbDYc?usp=sharing<\/a><\/cite><\/blockquote>\n\n\n\n<blockquote class=\"wp-block-quote\"><p>Sena Articulaci\u00f3n Grados D\u00e9cimo y Once<\/p><cite><a href=\"https:\/\/drive.google.com\/drive\/folders\/1ANTq-1ogfaowytNAzB3BoKrJkAkhSFGI?usp=sharing\" target=\"_blank\" rel=\"noreferrer noopener\">https:\/\/drive.google.com\/drive\/folders\/1ANTq-1ogfaowytNAzB3BoKrJkAkhSFGI?usp=sharing<\/a><\/cite><\/blockquote>\n\n\n\n<hr class=\"wp-block-separator\"\/>\n\n\n\n<hr class=\"wp-block-separator\"\/>\n\n\n\n<hr class=\"wp-block-separator\"\/>\n\n\n\n<h1>GU\u00cdAS 01 DE JULIO DE 2020<\/h1>\n\n\n\n<p>Estimados Estudiantes y Padres de Familia.<\/p>\n\n\n\n<p>Hago llegar las gu\u00edas del plan de contingencia para un periodo de tres (3) semanas comprendido entre el 1 al 31 de Julio de 2020 &nbsp;las cuales ser\u00e1n implementadas en el INSTITUTO T\u00c9CNICO AGROPECUARIO DE GUADALUPE.<\/p>\n\n\n\n<p>Estas gu\u00edas ser\u00e1n entregadas f\u00edsicamente el viernes 03 de Julio de 2020. Se utilizar\u00e1 la emisora municipal para difundir los sitios y horarios de entrega a los padres de familia, quienes deber\u00e1n presentarse con las debidas medidas de protecci\u00f3n.<\/p>\n\n\n\n<p>Igualmente se anexan los trabajos de nivelaci\u00f3n del primer periodo 2020.<\/p>\n\n\n\n<blockquote class=\"wp-block-quote\"><p>B\u00e1sica Primaria &#8211; Sede Central<\/p><cite><a href=\"https:\/\/drive.google.com\/drive\/u\/1\/folders\/1mU-0Xv7-r__5Bso0040SIqtIplyVYLtf\" target=\"_blank\" rel=\"noreferrer noopener\">https:\/\/drive.google.com\/drive\/u\/1\/folders\/1mU-0Xv7-r__5Bso0040SIqtIplyVYLtf<\/a><\/cite><\/blockquote>\n\n\n\n<blockquote class=\"wp-block-quote\"><p>B\u00e1sica Secundaria &#8211; Sede Central<\/p><cite><a href=\"https:\/\/drive.google.com\/drive\/u\/1\/folders\/1t8J4Qgj5Apa8pIg6JaI35Z1WewcKTNyI\" target=\"_blank\" rel=\"noreferrer noopener\">https:\/\/drive.google.com\/drive\/u\/1\/folders\/1t8J4Qgj5Apa8pIg6JaI35Z1WewcKTNyI<\/a><\/cite><\/blockquote>\n\n\n\n<blockquote class=\"wp-block-quote\"><p>B\u00e1sica Primaria &#8211; Sedes Rurales<\/p><cite><a href=\"https:\/\/drive.google.com\/drive\/u\/1\/folders\/1mXSUzKAHrDfJdrn_wNRrQOThMl6-_8sS\" target=\"_blank\" rel=\"noreferrer noopener\">https:\/\/drive.google.com\/drive\/u\/1\/folders\/1mXSUzKAHrDfJdrn_wNRrQOThMl6-_8sS<\/a><\/cite><\/blockquote>\n\n\n\n<blockquote class=\"wp-block-quote\"><p>PosPrimaria &#8211; Sede San Antonio<\/p><cite><a href=\"https:\/\/drive.google.com\/drive\/u\/1\/folders\/1tefB7cY-VPsTePO4DK6DN9KC8wjzhzeU\" target=\"_blank\" rel=\"noreferrer noopener\">https:\/\/drive.google.com\/drive\/u\/1\/folders\/1tefB7cY-VPsTePO4DK6DN9KC8wjzhzeU<\/a><\/cite><\/blockquote>\n\n\n\n<blockquote class=\"wp-block-quote\"><p>Sena Articulaci\u00f3n Grados D\u00e9cimo y Once<\/p><cite><a href=\"https:\/\/drive.google.com\/drive\/u\/1\/folders\/1Ht3_HimKL0JBY7_W7gX5x1ctMXcnEIEI\" target=\"_blank\" rel=\"noreferrer noopener\">https:\/\/drive.google.com\/drive\/u\/1\/folders\/1Ht3_HimKL0JBY7_W7gX5x1ctMXcnEIEI<\/a><\/cite><\/blockquote>\n\n\n\n<blockquote class=\"wp-block-quote\"><p>Nivelaciones del primer periodo 2020<\/p><cite><a href=\"https:\/\/drive.google.com\/drive\/u\/1\/folders\/1jP8_A9cKFMva0sXVgtI3XMlLyRYeLXPF\" target=\"_blank\" rel=\"noreferrer noopener\">https:\/\/drive.google.com\/drive\/u\/1\/folders\/1jP8_A9cKFMva0sXVgtI3XMlLyRYeLXPF<\/a><\/cite><\/blockquote>\n\n\n\n<hr class=\"wp-block-separator\"\/>\n\n\n\n<hr class=\"wp-block-separator\"\/>\n\n\n\n<hr class=\"wp-block-separator\"\/>\n\n\n\n<h1>GU\u00cdAS 01 DE JUNIO DE 2020<\/h1>\n\n\n\n<p>Estimado Estudiantes y Padres de Familia.<\/p>\n\n\n\n<p>Hago llegar las gu\u00edas del plan de contingencia para un periodo de cuatro (4) semanas comprendido entre el 1 al 30 de Junio de 2020 &nbsp;las cuales ser\u00e1n implementadas en el INSTITUTO T\u00c9CNICO AGROPECUARIO DE GUADALUPE.<\/p>\n\n\n\n<p>Estas gu\u00edas ser\u00e1n entregadas f\u00edsicamente el Lunes 01 de Junio de 2020. Se utilizar\u00e1 la emisora municipal para difundir los sitios y horarios de entrega a los padres de familia, quienes deber\u00e1n presentarse con las debidas medidas de protecci\u00f3n.<\/p>\n\n\n\n<blockquote class=\"wp-block-quote\"><p> B\u00e1sica Primaria &#8211; Sede Central <\/p><cite><a href=\"https:\/\/drive.google.com\/open?id=18Ed0btXKs-dMaPIOg86PYQgluQ1MVl2t\" target=\"_blank\" rel=\"noreferrer noopener\" aria-label=\" (abre en una nueva pesta\u00f1a)\">https:\/\/drive.google.com\/open?id=18Ed0btXKs-dMaPIOg86PYQgluQ1MVl2t<\/a><\/cite><\/blockquote>\n\n\n\n<blockquote class=\"wp-block-quote\"><p> B\u00e1sica Secundaria &#8211; Sede Central <\/p><cite><a href=\"https:\/\/drive.google.com\/open?id=13oKVE6oYvfiYIpjxM-8DlzZPPSANdw0T\" target=\"_blank\" rel=\"noreferrer noopener\" aria-label=\" (abre en una nueva pesta\u00f1a)\">https:\/\/drive.google.com\/open?id=13oKVE6oYvfiYIpjxM-8DlzZPPSANdw0T<\/a><\/cite><\/blockquote>\n\n\n\n<blockquote class=\"wp-block-quote\"><p> B\u00e1sica Primaria &#8211; Sedes Rurales <\/p><cite><a href=\"https:\/\/drive.google.com\/open?id=1OraoP2j2Uk-T2QgadM4JGc8n9w3kv3tn\" target=\"_blank\" rel=\"noreferrer noopener\" aria-label=\" (abre en una nueva pesta\u00f1a)\">https:\/\/drive.google.com\/open?id=1OraoP2j2Uk-T2QgadM4JGc8n9w3kv3tn<\/a><\/cite><\/blockquote>\n\n\n\n<blockquote class=\"wp-block-quote\"><p> PosPrimaria &#8211; Sede San Antonio <\/p><cite><a href=\"https:\/\/drive.google.com\/open?id=1VCc60R6U3GUVTCTJH1jCtfDP3tBggMNW\" target=\"_blank\" rel=\"noreferrer noopener\" aria-label=\" (abre en una nueva pesta\u00f1a)\">https:\/\/drive.google.com\/open?id=1VCc60R6U3GUVTCTJH1jCtfDP3tBggMNW<\/a><\/cite><\/blockquote>\n\n\n\n<blockquote class=\"wp-block-quote\"><p> Sena Articulaci\u00f3n Grados D\u00e9cimo y Once<\/p><cite><a href=\"https:\/\/drive.google.com\/open?id=1oH_4zmeZyqmPqUgE_vspK2D4qu52exps\">https:\/\/drive.google.com\/open?id=1oH_4zmeZyqmPqUgE_vspK2D4qu52exps<\/a><\/cite><\/blockquote>\n\n\n\n<hr class=\"wp-block-separator\"\/>\n\n\n\n<hr class=\"wp-block-separator\"\/>\n\n\n\n<hr class=\"wp-block-separator\"\/>\n\n\n\n<h1>GU\u00cdAS 04 DE MAYO DE 2020<\/h1>\n\n\n\n<p>Estimado Estudiantes y Padres de Familia.<\/p>\n\n\n\n<p>Hago llegar las gu\u00edas del plan de contingencia para un periodo de cuatro (4) semanas comprendido entre el 5 al 31 de Mayo de 2020 &nbsp;las cuales ser\u00e1n implementadas en el INSTITUTO T\u00c9CNICO AGROPECUARIO DE GUADALUPE.<\/p>\n\n\n\n<p>Estas gu\u00edas ser\u00e1n entregadas f\u00edsicamente el martes 5&nbsp; Mayo &nbsp;de 2020. Se utilizar\u00e1 la emisora municipal para difundir los sitios y horarios de entrega a los padres de familia, quienes deber\u00e1n presentarse con las debidas medidas de protecci\u00f3n.<\/p>\n\n\n\n<p>Para descargar las Gu\u00edas haga clic en el link respectivo.<\/p>\n\n\n\n<blockquote class=\"wp-block-quote\"><p> B\u00e1sica Primaria &#8211; Sede Central <\/p><cite><a href=\"https:\/\/drive.google.com\/open?id=1Rvi-cUNX8kPBWpu8LK6-bC9BApfJwvGo\" target=\"_blank\" rel=\"noreferrer noopener\" aria-label=\" (abre en una nueva pesta\u00f1a)\">https:\/\/drive.google.com\/open?id=1Rvi-cUNX8kPBWpu8LK6-bC9BApfJwvGo<\/a><\/cite><\/blockquote>\n\n\n\n<blockquote class=\"wp-block-quote\"><p> B\u00e1sica Secundaria &#8211; Sede Central <\/p><cite><a href=\"https:\/\/drive.google.com\/open?id=1EOMF8JGW3G_zxPo2hEJuhNStP2SiQXA9\" target=\"_blank\" rel=\"noreferrer noopener\" aria-label=\" (abre en una nueva pesta\u00f1a)\">https:\/\/drive.google.com\/open?id=1EOMF8JGW3G_zxPo2hEJuhNStP2SiQXA9<\/a><\/cite><\/blockquote>\n\n\n\n<blockquote class=\"wp-block-quote\"><p> B\u00e1sica Primaria &#8211; Sedes Rurales <\/p><cite><a href=\"https:\/\/drive.google.com\/open?id=1AMT4Jd9vRjN5wTVWXef9Q_5wLTKyFomT\" target=\"_blank\" rel=\"noreferrer noopener\" aria-label=\" (abre en una nueva pesta\u00f1a)\">https:\/\/drive.google.com\/open?id=1AMT4Jd9vRjN5wTVWXef9Q_5wLTKyFomT<\/a><\/cite><\/blockquote>\n\n\n\n<blockquote class=\"wp-block-quote\"><p> PosPrimaria &#8211; Sede San Antonio <\/p><cite><a href=\"https:\/\/drive.google.com\/open?id=1w8Q6bmPULXcv6OUtagpY44w7pZe7sO1k\" target=\"_blank\" rel=\"noreferrer noopener\" aria-label=\" (abre en una nueva pesta\u00f1a)\">https:\/\/drive.google.com\/open?id=1w8Q6bmPULXcv6OUtagpY44w7pZe7sO1k<\/a><\/cite><\/blockquote>\n\n\n\n<blockquote class=\"wp-block-quote\"><p> Sena Articulaci\u00f3n Grados D\u00e9cimo y Once<\/p><cite><a href=\"https:\/\/drive.google.com\/open?id=1tGdcM0yLQd7tciX8OnsuEydJwpjxMHwn\" target=\"_blank\" rel=\"noreferrer noopener\" aria-label=\" (abre en una nueva pesta\u00f1a)\">https:\/\/drive.google.com\/open?id=1tGdcM0yLQd7tciX8OnsuEydJwpjxMHwn<\/a><\/cite><\/blockquote>\n\n\n\n<hr class=\"wp-block-separator\"\/>\n\n\n\n<hr class=\"wp-block-separator\"\/>\n\n\n\n<hr class=\"wp-block-separator\"\/>\n\n\n\n<h1>GU\u00cdAS 20 DE ABRIL DE 2020<\/h1>\n\n\n\n<p>Estimado Estudiantes y Padres de Familia.<\/p>\n\n\n\n<p>Hago llegar las gu\u00edas del plan de contingencia para un periodo de dos (2) semanas las cuales ser\u00e1n implementadas en el INSTITUTO T\u00c9CNICO AGROPECUARIO DE GUADALUPE.<\/p>\n\n\n\n<p>Estas gu\u00edas ser\u00e1n entregadas f\u00edsicamente el lunes 20 de Abril de 2020. Se utilizar\u00e1 la emisora municipal para difundir los sitios y horarios de entrega a los padres de familia, quienes deber\u00e1n presentarse con las debidas medidas de protecci\u00f3n. <\/p>\n\n\n\n<p>Para descargar las Gu\u00edas haga clic en el link respectivo.<\/p>\n\n\n\n<blockquote class=\"wp-block-quote\"><p>B\u00e1sica Primaria &#8211; Sede Central<\/p><cite><a href=\"https:\/\/drive.google.com\/open?id=1nMgLBgXsN8chfcRGYK9MCELfL0_7QiZv\" target=\"_blank\" rel=\"noreferrer noopener\" aria-label=\" (abre en una nueva pesta\u00f1a)\">https:\/\/drive.google.com\/open?id=1nMgLBgXsN8chfcRGYK9MCELfL0_7QiZv<\/a><\/cite><\/blockquote>\n\n\n\n<blockquote class=\"wp-block-quote\"><p>B\u00e1sica Secundaria &#8211; Sede Central<\/p><cite><a href=\"https:\/\/drive.google.com\/open?id=1ZNZa3fv_ZT6yjAkn2QjOVTed3GZkR5jT\" target=\"_blank\" rel=\"noreferrer noopener\" aria-label=\" (abre en una nueva pesta\u00f1a)\">https:\/\/drive.google.com\/open?id=1ZNZa3fv_ZT6yjAkn2QjOVTed3GZkR5jT<\/a><\/cite><\/blockquote>\n\n\n\n<blockquote class=\"wp-block-quote\"><p>B\u00e1sica Primaria &#8211; Sedes Rurales<\/p><cite><a href=\"https:\/\/drive.google.com\/open?id=1ytce-_zjezVaElNrWJP1Mn3NeCx5Odi3\" target=\"_blank\" rel=\"noreferrer noopener\" aria-label=\" (abre en una nueva pesta\u00f1a)\">https:\/\/drive.google.com\/open?id=1ytce-_zjezVaElNrWJP1Mn3NeCx5Odi3<\/a><\/cite><\/blockquote>\n\n\n\n<blockquote class=\"wp-block-quote\"><p>PosPrimaria &#8211; Sede San Antonio<\/p><cite><a href=\"https:\/\/drive.google.com\/open?id=1WKUOSSHmgIfG6ecsYdJdMWSlt5K_LdIx\" target=\"_blank\" rel=\"noreferrer noopener\" aria-label=\" (abre en una nueva pesta\u00f1a)\">https:\/\/drive.google.com\/open?id=1WKUOSSHmgIfG6ecsYdJdMWSlt5K_LdIx<\/a><\/cite><\/blockquote>\n\n\n\n<blockquote class=\"wp-block-quote\"><p>  Sena Articulaci\u00f3n Grado Once <\/p><cite><a href=\"http:\/\/itaguadalupe.co\/pagina\/wp-content\/uploads\/2020\/04\/RAE-10.-GUIA_DE_APRENDIZAJE_-ADECUAR-INSTALACIONES.pdf\" target=\"_blank\" rel=\"noreferrer noopener\" aria-label=\" (abre en una nueva pesta\u00f1a)\">http:\/\/itaguadalupe.co\/pagina\/wp-content\/uploads\/2020\/04\/RAE-10.-GUIA_DE_APRENDIZAJE_-ADECUAR-INSTALACIONES.pdf<\/a><br><br><a rel=\"noreferrer noopener\" aria-label=\" (abre en una nueva pesta\u00f1a)\" href=\"http:\/\/itaguadalupe.co\/pagina\/wp-content\/uploads\/2020\/04\/RAE-9.-GUIA_DE_APRENDIZAJE-INFORMAR-NOVEDADES-2.pdf\" target=\"_blank\">http:\/\/itaguadalupe.co\/pagina\/wp-content\/uploads\/2020\/04\/RAE-9.-GUIA_DE_APRENDIZAJE-INFORMAR-NOVEDADES-2.pdf<\/a><\/cite><\/blockquote>\n\n\n\n<blockquote class=\"wp-block-quote\"><p> Sena Articulaci\u00f3n Grado  D\u00e9cimo<\/p><cite><a rel=\"noreferrer noopener\" aria-label=\" (abre en una nueva pesta\u00f1a)\" href=\"http:\/\/itaguadalupe.co\/pagina\/wp-content\/uploads\/2020\/04\/GFPI-F-019_GUIA-1_DE_APRENDIZAJE-RAE-1-Comparar-procedimientos-y-resultados-preparar-terreno-1.pdf\" target=\"_blank\">http:\/\/itaguadalupe.co\/pagina\/wp-content\/uploads\/2020\/04\/GFPI-F-019_GUIA-1_DE_APRENDIZAJE-RAE-1-Comparar-procedimientos-y-resultados-preparar-terreno-1.pdf<\/a><br><br><a rel=\"noreferrer noopener\" aria-label=\" (abre en una nueva pesta\u00f1a)\" href=\"http:\/\/itaguadalupe.co\/pagina\/wp-content\/uploads\/2020\/04\/GFPI-F-019_GUIA-2-_DE_APRENDIZAJ-Disponer-de-los-residuos-de-cosecha-preparar-terreno.pdf\" target=\"_blank\">http:\/\/itaguadalupe.co\/pagina\/wp-content\/uploads\/2020\/04\/GFPI-F-019_GUIA-2-_DE_APRENDIZAJ-Disponer-de-los-residuos-de-cosecha-preparar-terreno.pdf<\/a><br><br><a href=\"http:\/\/itaguadalupe.co\/pagina\/wp-content\/uploads\/2020\/04\/GFPI-F-019_GUIA-3_DE_RAE-3-Determinar-lso-requerimientos-de-trabajo-Mantener-el-cultivo.pdf\" target=\"_blank\" rel=\"noreferrer noopener\" aria-label=\" (abre en una nueva pesta\u00f1a)\">http:\/\/itaguadalupe.co\/pagina\/wp-content\/uploads\/2020\/04\/GFPI-F-019_GUIA-3_DE_RAE-3-Determinar-lso-requerimientos-de-trabajo-Mantener-el-cultivo.pdf<\/a><\/cite><\/blockquote>\n\n\n\n<p><\/p>\n","protected":false},"excerpt":{"rendered":"<div class=\"slide-text-bg2\"><span>ACTIVIDADES DE CULMINACI\u00d3N A\u00d1O ESCOLAR 2020 Y MATRICULAS 2021 Agradezco a toda la receptividad, el compromiso con la comunidad educativa Itaista, la acti<\/span><\/div>\n<div class=\"slide-btn-area-sm\"><a href=\"http:\/\/itaguadalupe.co\/pagina\/guias-actividades\/\" class=\"slide-btn-sm\">Leer m\u00e1s<\/a><\/div>\n","protected":false},"author":1,"featured_media":0,"parent":0,"menu_order":0,"comment_status":"closed","ping_status":"closed","template":"","meta":[],"_links":{"self":[{"href":"http:\/\/itaguadalupe.co\/pagina\/wp-json\/wp\/v2\/pages\/124"}],"collection":[{"href":"http:\/\/itaguadalupe.co\/pagina\/wp-json\/wp\/v2\/pages"}],"about":[{"href":"http:\/\/itaguadalupe.co\/pagina\/wp-json\/wp\/v2\/types\/page"}],"author":[{"embeddable":true,"href":"http:\/\/itaguadalupe.co\/pagina\/wp-json\/wp\/v2\/users\/1"}],"replies":[{"embeddable":true,"href":"http:\/\/itaguadalupe.co\/pagina\/wp-json\/wp\/v2\/comments?post=124"}],"version-history":[{"count":42,"href":"http:\/\/itaguadalupe.co\/pagina\/wp-json\/wp\/v2\/pages\/124\/revisions"}],"predecessor-version":[{"id":253,"href":"http:\/\/itaguadalupe.co\/pagina\/wp-json\/wp\/v2\/pages\/124\/revisions\/253"}],"wp:attachment":[{"href":"http:\/\/itaguadalupe.co\/pagina\/wp-json\/wp\/v2\/media?parent=124"}],"curies":[{"name":"wp","href":"https:\/\/api.w.org\/{rel}","templated":true}]}}