{"id":112,"date":"2019-09-30T17:02:51","date_gmt":"2019-09-30T15:02:51","guid":{"rendered":"http:\/\/itaguadalupe.co\/pagina\/?page_id=112"},"modified":"2019-09-30T17:05:22","modified_gmt":"2019-09-30T15:05:22","slug":"siee","status":"publish","type":"page","link":"https:\/\/itaguadalupe.co\/pagina\/siee\/","title":{"rendered":"SIEE"},"content":{"rendered":"\n<p><strong>SISTEMA DE EVALUACI\u00d3N <\/strong>&#8211; Acuerdo No. 05 de 27 de marzo de 2019<\/p>\n\n\n\n<p>Por el cual se reforma parcialmente el Acuerdo No. 07  de  2017, que reglamenta la evaluaci\u00f3n del aprendizaje, promoci\u00f3n, t\u00edtulo de bachiller, derechos y responsabilidades de los estamentos acad\u00e9micos en el Instituto T\u00e9cnico Agropecuario de Guadalupe (Santander).<\/p>\n\n\n\n<p><a href=\"http:\/\/itaguadalupe.co\/pagina\/wp-content\/uploads\/2019\/09\/SITEMA-DE-EVALUACION-ITA-2019-PW.pdf\" target=\"_blank\" rel=\"noreferrer noopener\" aria-label=\"Descargar Documento SIEE (abre en una nueva pesta\u00f1a)\">Descargar Documento SIEE<\/a><\/p>\n","protected":false},"excerpt":{"rendered":"<div class=\"slide-text-bg2\"><span>SISTEMA DE EVALUACI\u00d3N &#8211; Acuerdo No. 05 de 27 de marzo de 2019 Por el cual se reforma parcialmente el Acuerdo No. 07 de 2017, que reglamenta la evalu<\/span><\/div>\n<div class=\"slide-btn-area-sm\"><a href=\"https:\/\/itaguadalupe.co\/pagina\/siee\/\" class=\"slide-btn-sm\">Leer m\u00e1s<\/a><\/div>\n","protected":false},"author":1,"featured_media":0,"parent":0,"menu_order":0,"comment_status":"closed","ping_status":"closed","template":"","meta":[],"_links":{"self":[{"href":"https:\/\/itaguadalupe.co\/pagina\/wp-json\/wp\/v2\/pages\/112"}],"collection":[{"href":"https:\/\/itaguadalupe.co\/pagina\/wp-json\/wp\/v2\/pages"}],"about":[{"href":"https:\/\/itaguadalupe.co\/pagina\/wp-json\/wp\/v2\/types\/page"}],"author":[{"embeddable":true,"href":"https:\/\/itaguadalupe.co\/pagina\/wp-json\/wp\/v2\/users\/1"}],"replies":[{"embeddable":true,"href":"https:\/\/itaguadalupe.co\/pagina\/wp-json\/wp\/v2\/comments?post=112"}],"version-history":[{"count":2,"href":"https:\/\/itaguadalupe.co\/pagina\/wp-json\/wp\/v2\/pages\/112\/revisions"}],"predecessor-version":[{"id":116,"href":"https:\/\/itaguadalupe.co\/pagina\/wp-json\/wp\/v2\/pages\/112\/revisions\/116"}],"wp:attachment":[{"href":"https:\/\/itaguadalupe.co\/pagina\/wp-json\/wp\/v2\/media?parent=112"}],"curies":[{"name":"wp","href":"https:\/\/api.w.org\/{rel}","templated":true}]}}