{"id":16,"date":"2019-08-30T05:52:17","date_gmt":"2019-08-30T03:52:17","guid":{"rendered":"http:\/\/itaguadalupe.co\/pagina\/?page_id=16"},"modified":"2023-08-11T15:03:36","modified_gmt":"2023-08-11T13:03:36","slug":"mision-y-vision","status":"publish","type":"page","link":"https:\/\/itaguadalupe.co\/pagina\/mision-y-vision\/","title":{"rendered":"Misi\u00f3n y Visi\u00f3n"},"content":{"rendered":"\n<p><strong>MISI\u00d3N<\/strong><\/p>\n\n\n\n<p>El\nInstituto T\u00e9cnico Agropecuario&nbsp; de\nGuadalupe Santander&nbsp; es una entidad de\ncar\u00e1cter oficial, reconocido por formar integralmente bachilleres t\u00e9cnicos con\nespecialidad agropecuaria, a trav\u00e9s de la implementaci\u00f3n de pr\u00e1cticas\npedag\u00f3gicas incluyentes y contextualizadas que buscan la transformaci\u00f3n social\ny el desarrollo sostenible.&nbsp; <\/p>\n\n\n\n<p><\/p>\n\n\n\n<p><strong>VISI\u00d3N<\/strong> <\/p>\n\n\n\n<p>En el a\u00f1o 2025 el Instituto T\u00e9cnico Agropecuario de Guadalupe Santander, ser\u00e1 una instituci\u00f3n l\u00edder en la formaci\u00f3n integral de bachilleres t\u00e9cnicos con especialidad agropecuaria; ciudadanos emprendedores, investigativos, \u00e9ticos, comprometidos con la sociedad y el ambiente. <\/p>\n\n\n<div class=\"wp-block-image\">\n<figure class=\"aligncenter is-resized\"><img loading=\"lazy\" src=\"https:\/\/itaguadalupe.co\/pagina\/wp-content\/uploads\/2019\/09\/mision-vision.jpg\" alt=\"\" class=\"wp-image-95\" width=\"600\" height=\"400\" srcset=\"https:\/\/itaguadalupe.co\/pagina\/wp-content\/uploads\/2019\/09\/mision-vision.jpg 600w, https:\/\/itaguadalupe.co\/pagina\/wp-content\/uploads\/2019\/09\/mision-vision-300x200.jpg 300w\" sizes=\"(max-width: 600px) 100vw, 600px\" \/><\/figure><\/div>","protected":false},"excerpt":{"rendered":"<div class=\"slide-text-bg2\"><span>MISI\u00d3N El Instituto T\u00e9cnico Agropecuario&nbsp; de Guadalupe Santander&nbsp; es una entidad de car\u00e1cter oficial, reconocido por formar integralmente bach<\/span><\/div>\n<div class=\"slide-btn-area-sm\"><a href=\"https:\/\/itaguadalupe.co\/pagina\/mision-y-vision\/\" class=\"slide-btn-sm\">Leer m\u00e1s<\/a><\/div>\n","protected":false},"author":1,"featured_media":0,"parent":0,"menu_order":0,"comment_status":"closed","ping_status":"closed","template":"","meta":[],"_links":{"self":[{"href":"https:\/\/itaguadalupe.co\/pagina\/wp-json\/wp\/v2\/pages\/16"}],"collection":[{"href":"https:\/\/itaguadalupe.co\/pagina\/wp-json\/wp\/v2\/pages"}],"about":[{"href":"https:\/\/itaguadalupe.co\/pagina\/wp-json\/wp\/v2\/types\/page"}],"author":[{"embeddable":true,"href":"https:\/\/itaguadalupe.co\/pagina\/wp-json\/wp\/v2\/users\/1"}],"replies":[{"embeddable":true,"href":"https:\/\/itaguadalupe.co\/pagina\/wp-json\/wp\/v2\/comments?post=16"}],"version-history":[{"count":8,"href":"https:\/\/itaguadalupe.co\/pagina\/wp-json\/wp\/v2\/pages\/16\/revisions"}],"predecessor-version":[{"id":529,"href":"https:\/\/itaguadalupe.co\/pagina\/wp-json\/wp\/v2\/pages\/16\/revisions\/529"}],"wp:attachment":[{"href":"https:\/\/itaguadalupe.co\/pagina\/wp-json\/wp\/v2\/media?parent=16"}],"curies":[{"name":"wp","href":"https:\/\/api.w.org\/{rel}","templated":true}]}}