{"id":20,"date":"2019-08-30T05:53:25","date_gmt":"2019-08-30T03:53:25","guid":{"rendered":"http:\/\/itaguadalupe.co\/pagina\/?page_id=20"},"modified":"2019-09-02T14:23:50","modified_gmt":"2019-09-02T12:23:50","slug":"sedes","status":"publish","type":"page","link":"https:\/\/itaguadalupe.co\/pagina\/sedes\/","title":{"rendered":"Sedes"},"content":{"rendered":"\n<p>Seg\u00fan Resoluci\u00f3n 07220 del 22 de agosto del 2003 se fusionaron a la instituci\u00f3n educativa Instituto T\u00e9cnico Agropecuario el conjunto de escuelas rurales del municipio, quedando identificadas como sedes.<\/p>\n\n\n\n<p>Seg\u00fan Resoluci\u00f3n 003895 del 26 de marzo de 2010 emanada de&nbsp; la Secretar\u00eda de Educaci\u00f3n Departamental, las\nsedes del Instituto T\u00e9cnico Agropecuario cambiaron la denominaci\u00f3n de letras\ndel alfabeto por n\u00fameros y fueron organizadas de la siguiente manera:<\/p>\n\n\n\n<p>Instituto T\u00e9cnico Agropecuario: sede 01<\/p>\n\n\n\n<p>Escuela Rural Mararay: sede 02<\/p>\n\n\n\n<p>Escuela Rural el Tirano: sede 03<\/p>\n\n\n\n<p>Escuela Rural Sirena: 04<\/p>\n\n\n\n<p>Escuela Rural la Lajita:\n05<\/p>\n\n\n\n<p>Escuela rural San Antonio: 06<\/p>\n\n\n\n<p>Escuela Rural la Honda:\n07<\/p>\n\n\n\n<p>Escuela Rural Empalizada: 08<\/p>\n\n\n\n<p>Escuela Rural Helechal: 09<\/p>\n\n\n\n<p>Escuela Rural Pintadero: 10<\/p>\n\n\n\n<p>Escuela Rural Pericos y Loros: 11<\/p>\n\n\n\n<p>Escuela Rural Alto Su\u00e1rez: 12<\/p>\n\n\n\n<p>Escuela rural Palo Blanco: 13<\/p>\n\n\n\n<div class=\"wp-block-image\"><figure class=\"aligncenter\"><img loading=\"lazy\" width=\"1024\" height=\"498\" src=\"http:\/\/itaguadalupe.co\/pagina\/wp-content\/uploads\/2019\/08\/Siembra-Cilantro-y-Perejil-1024x498.jpg\" alt=\"\" class=\"wp-image-78\" srcset=\"https:\/\/itaguadalupe.co\/pagina\/wp-content\/uploads\/2019\/08\/Siembra-Cilantro-y-Perejil-1024x498.jpg 1024w, https:\/\/itaguadalupe.co\/pagina\/wp-content\/uploads\/2019\/08\/Siembra-Cilantro-y-Perejil-300x146.jpg 300w, https:\/\/itaguadalupe.co\/pagina\/wp-content\/uploads\/2019\/08\/Siembra-Cilantro-y-Perejil-768x374.jpg 768w, https:\/\/itaguadalupe.co\/pagina\/wp-content\/uploads\/2019\/08\/Siembra-Cilantro-y-Perejil.jpg 1032w\" sizes=\"(max-width: 1024px) 100vw, 1024px\" \/><\/figure><\/div>\n","protected":false},"excerpt":{"rendered":"<div class=\"slide-text-bg2\"><span>Seg\u00fan Resoluci\u00f3n 07220 del 22 de agosto del 2003 se fusionaron a la instituci\u00f3n educativa Instituto T\u00e9cnico Agropecuario el conjunto de escuelas rurale<\/span><\/div>\n<div class=\"slide-btn-area-sm\"><a href=\"https:\/\/itaguadalupe.co\/pagina\/sedes\/\" class=\"slide-btn-sm\">Leer m\u00e1s<\/a><\/div>\n","protected":false},"author":1,"featured_media":0,"parent":0,"menu_order":0,"comment_status":"closed","ping_status":"closed","template":"","meta":[],"_links":{"self":[{"href":"https:\/\/itaguadalupe.co\/pagina\/wp-json\/wp\/v2\/pages\/20"}],"collection":[{"href":"https:\/\/itaguadalupe.co\/pagina\/wp-json\/wp\/v2\/pages"}],"about":[{"href":"https:\/\/itaguadalupe.co\/pagina\/wp-json\/wp\/v2\/types\/page"}],"author":[{"embeddable":true,"href":"https:\/\/itaguadalupe.co\/pagina\/wp-json\/wp\/v2\/users\/1"}],"replies":[{"embeddable":true,"href":"https:\/\/itaguadalupe.co\/pagina\/wp-json\/wp\/v2\/comments?post=20"}],"version-history":[{"count":3,"href":"https:\/\/itaguadalupe.co\/pagina\/wp-json\/wp\/v2\/pages\/20\/revisions"}],"predecessor-version":[{"id":102,"href":"https:\/\/itaguadalupe.co\/pagina\/wp-json\/wp\/v2\/pages\/20\/revisions\/102"}],"wp:attachment":[{"href":"https:\/\/itaguadalupe.co\/pagina\/wp-json\/wp\/v2\/media?parent=20"}],"curies":[{"name":"wp","href":"https:\/\/api.w.org\/{rel}","templated":true}]}}