{"id":274,"date":"2021-02-02T17:50:20","date_gmt":"2021-02-02T16:50:20","guid":{"rendered":"http:\/\/itaguadalupe.co\/pagina\/?page_id=274"},"modified":"2021-10-05T16:54:18","modified_gmt":"2021-10-05T14:54:18","slug":"guia-de-actividades-2021","status":"publish","type":"page","link":"https:\/\/itaguadalupe.co\/pagina\/guia-de-actividades-2021\/","title":{"rendered":"Guia de Actividades 2021"},"content":{"rendered":"\n<h2>GU\u00cdAS CUARTO PERIODO<\/h2>\n\n\n\n<p>Estimados Padres de familia, Reciban un cordial y afectuoso saludo.<\/p>\n\n\n\n<p>De la misma manera hago llegar las gu\u00edas de aprendizaje aut\u00f3nomo para el Cuarto periodo de 2021, las cuales ser\u00e1n implementadas en el INSTITUTO T\u00c9CNICO AGROPECUARIO DE GUADALUPE.<\/p>\n\n\n\n<p>Estas gu\u00edas ser\u00e1n entregadas f\u00edsicamente en la oficina de secretaria del colegio. Se solicita a los padres de familia, presentarse con las debidas medidas de protecci\u00f3n.<\/p>\n\n\n\n<blockquote class=\"wp-block-quote\"><p><em>B\u00e1sica Primaria \u2013 Sede Central<\/em><\/p><cite><a href=\"https:\/\/drive.google.com\/drive\/folders\/1SSvBWb4w1MFw2nzRss62AIHCv7hqNud2?usp=sharing\" target=\"_blank\" rel=\"noreferrer noopener\">https:\/\/drive.google.com\/drive\/folders\/1SSvBWb4w1MFw2nzRss62AIHCv7hqNud2?usp=sharing<\/a><\/cite><\/blockquote>\n\n\n\n<blockquote class=\"wp-block-quote\"><p><em>B\u00e1sica Secundaria \u2013 Sede Central<\/em><\/p><cite><a href=\"https:\/\/drive.google.com\/drive\/folders\/1Sd_Lx6y6rsldb_OudZXins0iLVGtqBSA?usp=sharing\" target=\"_blank\" rel=\"noreferrer noopener\">https:\/\/drive.google.com\/drive\/folders\/1Sd_Lx6y6rsldb_OudZXins0iLVGtqBSA?usp=sharing<\/a><\/cite><\/blockquote>\n\n\n\n<blockquote class=\"wp-block-quote\"><p><em>B\u00e1sica Primaria \u2013 Sedes Rurales<\/em><\/p><cite><a href=\"https:\/\/drive.google.com\/drive\/folders\/1J2UtISgzPJtXEDkbxeAKMOVeGO6M7uwx?usp=sharing\" target=\"_blank\" rel=\"noreferrer noopener\">https:\/\/drive.google.com\/drive\/folders\/1J2UtISgzPJtXEDkbxeAKMOVeGO6M7uwx?usp=sharing<\/a><\/cite><\/blockquote>\n\n\n\n<blockquote class=\"wp-block-quote\"><p><em>PosPrimaria \u2013 Sede San Antonio<\/em><\/p><cite><a href=\"https:\/\/drive.google.com\/drive\/folders\/1CPk_Nzf9xDTp42MKRHc7NhCF91XWaAwY?usp=sharing\" target=\"_blank\" rel=\"noreferrer noopener\">https:\/\/drive.google.com\/drive\/folders\/1CPk_Nzf9xDTp42MKRHc7NhCF91XWaAwY?usp=sharing<\/a><\/cite><\/blockquote>\n\n\n\n<hr class=\"wp-block-separator\"\/>\n\n\n\n<hr class=\"wp-block-separator\"\/>\n\n\n\n<hr class=\"wp-block-separator\"\/>\n\n\n\n<h2>GU\u00cdAS MES DE JULIO<\/h2>\n\n\n\n<p>Estimados Padres de familia, Reciban un cordial y afectuoso saludo.<\/p>\n\n\n\n<p>De la misma manera hago llegar las gu\u00edas de aprendizaje aut\u00f3nomo para el periodo comprendido del mes de julio de 2021, las cuales ser\u00e1n implementadas en el INSTITUTO T\u00c9CNICO AGROPECUARIO DE GUADALUPE.<\/p>\n\n\n\n<p>Estas gu\u00edas ser\u00e1n entregadas f\u00edsicamente a partir del viernes 16 de julio de 2021. Se utilizar\u00e1 la emisora municipal para difundir los sitios y horarios de entrega a los padres de familia, quienes deber\u00e1n presentarse con las debidas medidas de protecci\u00f3n.<\/p>\n\n\n\n<blockquote class=\"wp-block-quote\"><p><em>B\u00e1sica Primaria \u2013 Sede Central<\/em><\/p><cite><a href=\"https:\/\/drive.google.com\/drive\/folders\/1DSHERrFMsSN6w4uYYYqyXJ5NukqSUkdc?usp=sharing\" target=\"_blank\" rel=\"noreferrer noopener\">https:\/\/drive.google.com\/drive\/folders\/1DSHERrFMsSN6w4uYYYqyXJ5NukqSUkdc?usp=sharing<\/a><\/cite><\/blockquote>\n\n\n\n<blockquote class=\"wp-block-quote\"><p><em>B\u00e1sica Secundaria \u2013 Sede Central<\/em><\/p><cite><a href=\"https:\/\/drive.google.com\/drive\/folders\/1rCvV4x4WwfYeiRJV95x2l1cC_Q-6vZ7J?usp=sharing\" target=\"_blank\" rel=\"noreferrer noopener\">https:\/\/drive.google.com\/drive\/folders\/1rCvV4x4WwfYeiRJV95x2l1cC_Q-6vZ7J?usp=sharing<\/a><\/cite><\/blockquote>\n\n\n\n<blockquote class=\"wp-block-quote\"><p><em>B\u00e1sica Primaria \u2013 Sedes Rurales<\/em><\/p><cite><a href=\"https:\/\/drive.google.com\/drive\/folders\/1nexis75ENKgDi3wrb_I_CDMFHoQebHD2?usp=sharing\" target=\"_blank\" rel=\"noreferrer noopener\">https:\/\/drive.google.com\/drive\/folders\/1nexis75ENKgDi3wrb_I_CDMFHoQebHD2?usp=sharing<\/a><\/cite><\/blockquote>\n\n\n\n<blockquote class=\"wp-block-quote\"><p><em>PosPrimaria \u2013 Sede San Antonio<\/em><\/p><cite><a href=\"https:\/\/drive.google.com\/drive\/folders\/1w7QNKdXwyFGel83SeHI6ZQgWZ2jDIDoA?usp=sharing\" target=\"_blank\" rel=\"noreferrer noopener\">https:\/\/drive.google.com\/drive\/folders\/1w7QNKdXwyFGel83SeHI6ZQgWZ2jDIDoA?usp=sharing<\/a><\/cite><\/blockquote>\n\n\n\n<blockquote class=\"wp-block-quote\"><p>S<em>ena Articulaci\u00f3n Grados D\u00e9cimo y Once<\/em><\/p><cite><a href=\"https:\/\/drive.google.com\/drive\/folders\/1CkV5wAc_FZ-oADllZ-1j-rJhHDVMrHkL?usp=sharing\" target=\"_blank\" rel=\"noreferrer noopener\">https:\/\/drive.google.com\/drive\/folders\/1CkV5wAc_FZ-oADllZ-1j-rJhHDVMrHkL?usp=sharing<\/a><\/cite><\/blockquote>\n\n\n\n<p><\/p>\n\n\n\n<hr class=\"wp-block-separator\"\/>\n\n\n\n<hr class=\"wp-block-separator\"\/>\n\n\n\n<hr class=\"wp-block-separator\"\/>\n\n\n\n<h2>GU\u00cdAS MES DE MAYO<\/h2>\n\n\n\n<p>Estimados Padres de familia, Reciban un cordial y afectuoso saludo.<\/p>\n\n\n\n<p>De la misma manera hago llegar las gu\u00edas de aprendizaje aut\u00f3nomo para el periodo comprendido del mes de mayo de 2021, las cuales ser\u00e1n implementadas en el INSTITUTO T\u00c9CNICO AGROPECUARIO DE GUADALUPE.<\/p>\n\n\n\n<p>Estas gu\u00edas ser\u00e1n entregadas f\u00edsicamente a partir del lunes 3 de mayo de 2021. Se utilizar\u00e1 la emisora municipal para difundir los sitios y horarios de entrega a los padres de familia, quienes deber\u00e1n presentarse con las debidas medidas de protecci\u00f3n.<\/p>\n\n\n\n<blockquote class=\"wp-block-quote\"><p><em>B\u00e1sica Primaria \u2013 Sede Central<\/em><\/p><cite><a href=\"https:\/\/drive.google.com\/drive\/folders\/1_MooLkWuiAYJPWmO-45742I_1bcF3RUa?usp=sharing\" target=\"_blank\" rel=\"noreferrer noopener\">https:\/\/drive.google.com\/drive\/folders\/1_MooLkWuiAYJPWmO-45742I_1bcF3RUa?usp=sharing<\/a><\/cite><\/blockquote>\n\n\n\n<blockquote class=\"wp-block-quote\"><p><em>B\u00e1sica Secundaria \u2013 Sede Central<\/em><\/p><cite><a href=\"https:\/\/drive.google.com\/drive\/folders\/1BC74TzGdoOCmyhagRkzt-3Zm9jbk2u9b?usp=sharing\" target=\"_blank\" rel=\"noreferrer noopener\">https:\/\/drive.google.com\/drive\/folders\/1BC74TzGdoOCmyhagRkzt-3Zm9jbk2u9b?usp=sharing<\/a><\/cite><\/blockquote>\n\n\n\n<blockquote class=\"wp-block-quote\"><p><em>B\u00e1sica Primaria \u2013 Sedes Rurales<\/em><\/p><cite><a href=\"https:\/\/drive.google.com\/drive\/folders\/1GDBt0ja4RLmSjUjbpOdehFwJko5kqk1z?usp=sharing\" target=\"_blank\" rel=\"noreferrer noopener\">https:\/\/drive.google.com\/drive\/folders\/1GDBt0ja4RLmSjUjbpOdehFwJko5kqk1z?usp=sharing<\/a><\/cite><\/blockquote>\n\n\n\n<blockquote class=\"wp-block-quote\"><p><em>PosPrimaria \u2013 Sede San Antonio<\/em><\/p><cite><a href=\"https:\/\/drive.google.com\/drive\/folders\/1z0iPjYZaOstHZkAAf-YlKPiQjyBqXpUT?usp=sharing\" target=\"_blank\" rel=\"noreferrer noopener\">https:\/\/drive.google.com\/drive\/folders\/1z0iPjYZaOstHZkAAf-YlKPiQjyBqXpUT?usp=sharing<\/a><\/cite><\/blockquote>\n\n\n\n<blockquote class=\"wp-block-quote\"><p>S<em>ena Articulaci\u00f3n Grados D\u00e9cimo y Once<\/em><\/p><cite><a href=\"https:\/\/drive.google.com\/drive\/folders\/1kBa8zvmWD6O0xjPmfnb71D7X6vBgKsKD?usp=sharing\" target=\"_blank\" rel=\"noreferrer noopener\">https:\/\/drive.google.com\/drive\/folders\/1kBa8zvmWD6O0xjPmfnb71D7X6vBgKsKD?usp=sharing<\/a><\/cite><\/blockquote>\n\n\n\n<hr class=\"wp-block-separator\"\/>\n\n\n\n<hr class=\"wp-block-separator\"\/>\n\n\n\n<hr class=\"wp-block-separator\"\/>\n\n\n\n<h2>GU\u00cdAS MES DE ABRIL<\/h2>\n\n\n\n<p>Estimados Padres de familia, Reciban un cordial y afectuoso saludo.<\/p>\n\n\n\n<p>De la misma manera hago llegar las gu\u00edas de aprendizaje aut\u00f3nomo para el periodo comprendido del mes de abril de 2021, las cuales ser\u00e1n implementadas en el INSTITUTO T\u00c9CNICO AGROPECUARIO DE GUADALUPE.<\/p>\n\n\n\n<p>Estas gu\u00edas ser\u00e1n entregadas f\u00edsicamente a partir del lunes 5 de abril de 2021. Se utilizar\u00e1 la emisora municipal para difundir los sitios y horarios de entrega a los padres de familia, quienes deber\u00e1n presentarse con las debidas medidas de protecci\u00f3n.<\/p>\n\n\n\n<blockquote class=\"wp-block-quote\"><p><em>B\u00e1sica Primaria \u2013 Sede Central<\/em><\/p><cite><a href=\"https:\/\/drive.google.com\/drive\/folders\/1tLhjqjTjA-ZtcfcC81klMng7fQclro-A?usp=sharing\" target=\"_blank\" rel=\"noreferrer noopener\">https:\/\/drive.google.com\/drive\/folders\/1tLhjqjTjA-ZtcfcC81klMng7fQclro-A?usp=sharing<\/a><\/cite><\/blockquote>\n\n\n\n<blockquote class=\"wp-block-quote\"><p><em>B\u00e1sica Secundaria \u2013 Sede Central<\/em><\/p><cite><a href=\"https:\/\/drive.google.com\/drive\/folders\/1Ph477X54q23_63tkTD-scDy87WNIRNIP?usp=sharing\" target=\"_blank\" rel=\"noreferrer noopener\">https:\/\/drive.google.com\/drive\/folders\/1Ph477X54q23_63tkTD-scDy87WNIRNIP?usp=sharing<\/a><\/cite><\/blockquote>\n\n\n\n<blockquote class=\"wp-block-quote\"><p><em>B\u00e1sica Primaria \u2013 Sedes Rurales<\/em><\/p><cite><a href=\"https:\/\/drive.google.com\/drive\/folders\/1u0L6JTMyuNloLaxKJsh8fEFLN7HxlTdw?usp=sharing\" target=\"_blank\" rel=\"noreferrer noopener\">https:\/\/drive.google.com\/drive\/folders\/1u0L6JTMyuNloLaxKJsh8fEFLN7HxlTdw?usp=sharing<\/a><\/cite><\/blockquote>\n\n\n\n<blockquote class=\"wp-block-quote\"><p><em>PosPrimaria \u2013 Sede San Antonio<\/em><\/p><cite><a href=\"https:\/\/drive.google.com\/drive\/folders\/1OXcvMNVsX3w9ssVEnt7dN3VvUmYdi_im?usp=sharing\" target=\"_blank\" rel=\"noreferrer noopener\">https:\/\/drive.google.com\/drive\/folders\/1OXcvMNVsX3w9ssVEnt7dN3VvUmYdi_im?usp=sharing<\/a><\/cite><\/blockquote>\n\n\n\n<blockquote class=\"wp-block-quote\"><p>S<em>ena Articulaci\u00f3n Grados D\u00e9cimo y Once<\/em><\/p><cite><a href=\"https:\/\/drive.google.com\/drive\/folders\/1QpKaAn2Y5q4lvwFOZhKk27JbNVa7F-IR?usp=sharing\" target=\"_blank\" rel=\"noreferrer noopener\">https:\/\/drive.google.com\/drive\/folders\/1QpKaAn2Y5q4lvwFOZhKk27JbNVa7F-IR?usp=sharing<\/a><\/cite><\/blockquote>\n\n\n\n<hr class=\"wp-block-separator\"\/>\n\n\n\n<hr class=\"wp-block-separator\"\/>\n\n\n\n<hr class=\"wp-block-separator\"\/>\n\n\n\n<h2>GU\u00cdAS MES DE MARZO<\/h2>\n\n\n\n<p>Hago llegar las gu\u00edas de aprendizaje aut\u00f3nomo para el periodo comprendido del mes de Marzo de 2021, las cuales ser\u00e1n implementadas en el INSTITUTO T\u00c9CNICO AGROPECUARIO DE GUADALUPE.<\/p>\n\n\n\n<p>Estas gu\u00edas ser\u00e1n entregadas f\u00edsicamente el lunes 1 de Marzo de 2021. Se utilizar\u00e1 la emisora municipal para difundir los sitios y horarios de entrega a los padres de familia, quienes deber\u00e1n presentarse con las debidas medidas de protecci\u00f3n.<\/p>\n\n\n\n<blockquote class=\"wp-block-quote\"><p><em>B\u00e1sica Primaria \u2013 Sede Central<\/em><\/p><cite><a href=\"https:\/\/drive.google.com\/drive\/folders\/1ZeJ41IZyKNFoLVk43mjyvN2mlDzK4bvn?usp=sharing\" target=\"_blank\" rel=\"noreferrer noopener\">https:\/\/drive.google.com\/drive\/folders\/1ZeJ41IZyKNFoLVk43mjyvN2mlDzK4bvn?usp=sharing<\/a><\/cite><\/blockquote>\n\n\n\n<blockquote class=\"wp-block-quote\"><p><em>B\u00e1sica Secundaria \u2013 Sede Central<\/em><\/p><cite><a href=\"https:\/\/drive.google.com\/drive\/folders\/1y4M5ivnff0tBoujKCGzzkpyEIj_97DbO?usp=sharing\" target=\"_blank\" rel=\"noreferrer noopener\">https:\/\/drive.google.com\/drive\/folders\/1y4M5ivnff0tBoujKCGzzkpyEIj_97DbO?usp=sharing<\/a><\/cite><\/blockquote>\n\n\n\n<blockquote class=\"wp-block-quote\"><p><em>B\u00e1sica Primaria \u2013 Sedes Rurales<\/em><\/p><cite><a href=\"https:\/\/drive.google.com\/drive\/folders\/1fQ9tO-Pw_nz2dPjOFswVwcfQIIDwMOx7?usp=sharing\" target=\"_blank\" rel=\"noreferrer noopener\">https:\/\/drive.google.com\/drive\/folders\/1fQ9tO-Pw_nz2dPjOFswVwcfQIIDwMOx7?usp=sharing<\/a><\/cite><\/blockquote>\n\n\n\n<blockquote class=\"wp-block-quote\"><p><em>PosPrimaria \u2013 Sede San Antonio<\/em><\/p><cite><a href=\"https:\/\/drive.google.com\/drive\/folders\/1WoLuj87U6VFu-LTpCCQPIzZYds-duVnB?usp=sharing\" target=\"_blank\" rel=\"noreferrer noopener\">https:\/\/drive.google.com\/drive\/folders\/1WoLuj87U6VFu-LTpCCQPIzZYds-duVnB?usp=sharing<\/a><\/cite><\/blockquote>\n\n\n\n<blockquote class=\"wp-block-quote\"><p>S<em>ena Articulaci\u00f3n Grados D\u00e9cimo y Once<\/em><\/p><cite><a href=\"https:\/\/drive.google.com\/drive\/folders\/1IvkcZ-Um3P48lrobNad4OucFzyc6TdOO?usp=sharing\" target=\"_blank\" rel=\"noreferrer noopener\">https:\/\/drive.google.com\/drive\/folders\/1IvkcZ-Um3P48lrobNad4OucFzyc6TdOO?usp=sharing<\/a><\/cite><\/blockquote>\n\n\n\n<hr class=\"wp-block-separator\"\/>\n\n\n\n<hr class=\"wp-block-separator\"\/>\n\n\n\n<hr class=\"wp-block-separator\"\/>\n\n\n\n<h2>GU\u00cdAS MES DE FEBRERO<\/h2>\n\n\n\n<p>Estimados Estudiantes y Padres de Familia reciban un cordial y afectuoso saludo de bienvenida en este inicio de actvidades acad\u00e9micas del a\u00f1o 2021.<\/p>\n\n\n\n<p>Hago llegar las gu\u00edas de aprendizaje aut\u00f3nomo para el periodo comprendido del mes de Febrero de 2021, las cuales ser\u00e1n implementadas en el INSTITUTO T\u00c9CNICO AGROPECUARIO DE GUADALUPE.<\/p>\n\n\n\n<p>Estas gu\u00edas ser\u00e1n entregadas f\u00edsicamente el martes 1 de Febrero de 2021. Se utilizar\u00e1 la emisora municipal para difundir los sitios y horarios de entrega a los padres de familia, quienes deber\u00e1n presentarse con las debidas medidas de protecci\u00f3n.<\/p>\n\n\n\n<blockquote class=\"wp-block-quote\"><p><em>B\u00e1sica Primaria \u2013 Sede Central<\/em><\/p><cite><a href=\"https:\/\/drive.google.com\/drive\/folders\/1RW-o2J2Tn4cXGJGKsXWG3A_YwDFwmzeU?usp=sharing\" target=\"_blank\" rel=\"noreferrer noopener\">https:\/\/drive.google.com\/drive\/folders\/1RW-o2J2Tn4cXGJGKsXWG3A_YwDFwmzeU?usp=sharing<\/a><\/cite><\/blockquote>\n\n\n\n<blockquote class=\"wp-block-quote\"><p><em>B\u00e1sica Secundaria \u2013 Sede Central<\/em><\/p><cite><a href=\"https:\/\/drive.google.com\/drive\/folders\/1CHu-8ury3hEvMYizus7Nw3E4QNYJu_0m?usp=sharing\" target=\"_blank\" rel=\"noreferrer noopener\">https:\/\/drive.google.com\/drive\/folders\/1CHu-8ury3hEvMYizus7Nw3E4QNYJu_0m?usp=sharing<\/a><\/cite><\/blockquote>\n\n\n\n<blockquote class=\"wp-block-quote\"><p><em>B\u00e1sica Primaria \u2013 Sedes Rurales<\/em><\/p><cite><a href=\"https:\/\/drive.google.com\/drive\/folders\/1BE2b54aSeaA5-INZOiUybi2uPGrAimom?usp=sharing\" target=\"_blank\" rel=\"noreferrer noopener\">https:\/\/drive.google.com\/drive\/folders\/1BE2b54aSeaA5-INZOiUybi2uPGrAimom?usp=sharing<\/a><\/cite><\/blockquote>\n\n\n\n<blockquote class=\"wp-block-quote\"><p><em>PosPrimaria \u2013 Sede San Antonio<\/em><\/p><cite><a href=\"https:\/\/drive.google.com\/drive\/folders\/15wLGn67SzG6534E0vUJs-V6wz-vhRYKi?usp=sharing\" target=\"_blank\" rel=\"noreferrer noopener\">https:\/\/drive.google.com\/drive\/folders\/15wLGn67SzG6534E0vUJs-V6wz-vhRYKi?usp=sharing<\/a><\/cite><\/blockquote>\n\n\n\n<blockquote class=\"wp-block-quote\"><p>S<em>ena Articulaci\u00f3n Grados D\u00e9cimo y Once<\/em><\/p><cite><a href=\"https:\/\/drive.google.com\/drive\/folders\/1xhNZhp6r2Tm9ANXJeyOgVEQzHNcOIQZ7?usp=sharing\" target=\"_blank\" rel=\"noreferrer noopener\">https:\/\/drive.google.com\/drive\/folders\/1xhNZhp6r2Tm9ANXJeyOgVEQzHNcOIQZ7?usp=sharing<\/a><\/cite><\/blockquote>\n","protected":false},"excerpt":{"rendered":"<div class=\"slide-text-bg2\"><span>GU\u00cdAS CUARTO PERIODO Estimados Padres de familia, Reciban un cordial y afectuoso saludo. De la misma manera hago llegar las gu\u00edas de aprendizaje aut\u00f3nom<\/span><\/div>\n<div class=\"slide-btn-area-sm\"><a href=\"https:\/\/itaguadalupe.co\/pagina\/guia-de-actividades-2021\/\" class=\"slide-btn-sm\">Leer m\u00e1s<\/a><\/div>\n","protected":false},"author":1,"featured_media":0,"parent":0,"menu_order":0,"comment_status":"closed","ping_status":"closed","template":"","meta":[],"_links":{"self":[{"href":"https:\/\/itaguadalupe.co\/pagina\/wp-json\/wp\/v2\/pages\/274"}],"collection":[{"href":"https:\/\/itaguadalupe.co\/pagina\/wp-json\/wp\/v2\/pages"}],"about":[{"href":"https:\/\/itaguadalupe.co\/pagina\/wp-json\/wp\/v2\/types\/page"}],"author":[{"embeddable":true,"href":"https:\/\/itaguadalupe.co\/pagina\/wp-json\/wp\/v2\/users\/1"}],"replies":[{"embeddable":true,"href":"https:\/\/itaguadalupe.co\/pagina\/wp-json\/wp\/v2\/comments?post=274"}],"version-history":[{"count":17,"href":"https:\/\/itaguadalupe.co\/pagina\/wp-json\/wp\/v2\/pages\/274\/revisions"}],"predecessor-version":[{"id":426,"href":"https:\/\/itaguadalupe.co\/pagina\/wp-json\/wp\/v2\/pages\/274\/revisions\/426"}],"wp:attachment":[{"href":"https:\/\/itaguadalupe.co\/pagina\/wp-json\/wp\/v2\/media?parent=274"}],"curies":[{"name":"wp","href":"https:\/\/api.w.org\/{rel}","templated":true}]}}