{"id":421,"date":"2021-10-04T14:37:32","date_gmt":"2021-10-04T12:37:32","guid":{"rendered":"http:\/\/itaguadalupe.co\/pagina\/?page_id=421"},"modified":"2021-10-04T14:37:32","modified_gmt":"2021-10-04T12:37:32","slug":"encuesta-egresados","status":"publish","type":"page","link":"https:\/\/itaguadalupe.co\/pagina\/encuesta-egresados\/","title":{"rendered":"Encuesta Egresados"},"content":{"rendered":"\n<p>La presente encuesta tiene como finalidad hacer seguimiento a los egresados del colegio Instituto T\u00e9cnico Agropecuario del municipio de Guadalupe Santander a trav\u00e9s de la recopilaci\u00f3n y an\u00e1lisis de informaci\u00f3n importante como: datos de contacto, experiencia laboral, formaci\u00f3n acad\u00e9mica, entre otros.<\/p>\n\n\n\n<p>El prop\u00f3sito es incorporar mejoras en los procesos formativos de mayor efectividad institucional que favorezcan un excelente desempe\u00f1o profesional y personal y por ende la materializaci\u00f3n del proyecto de vida de nuestros egresados.<\/p>\n\n\n\n<p>Los datos aqu\u00ed registrados son confidenciales y ser\u00e1n de uso exclusivo de la instituci\u00f3n educativa.<\/p>\n\n\n\n<p>Muchas gracias por su colaboraci\u00f3n.<\/p>\n\n\n\n<p>Link encuesta para egresados:<br><a rel=\"noreferrer noopener\" href=\"https:\/\/docs.google.com\/forms\/d\/e\/1FAIpQLSfd6JJ11yfPCYKQmt2xPV8UFlQfT9z1t2IYRj3CcnixzX6iGA\/viewform?usp=sf_link\" target=\"_blank\">https:\/\/docs.google.com\/forms\/d\/e\/1FAIpQLSfd6JJ11yfPCYKQmt2xPV8UFlQfT9z1t2IYRj3CcnixzX6iGA\/viewform?usp=sf_link<\/a><\/p>\n","protected":false},"excerpt":{"rendered":"<div class=\"slide-text-bg2\"><span>La presente encuesta tiene como finalidad hacer seguimiento a los egresados del colegio Instituto T\u00e9cnico Agropecuario del municipio de Guadalupe Santande<\/span><\/div>\n<div class=\"slide-btn-area-sm\"><a href=\"https:\/\/itaguadalupe.co\/pagina\/encuesta-egresados\/\" class=\"slide-btn-sm\">Leer m\u00e1s<\/a><\/div>\n","protected":false},"author":1,"featured_media":422,"parent":0,"menu_order":0,"comment_status":"closed","ping_status":"closed","template":"","meta":[],"_links":{"self":[{"href":"https:\/\/itaguadalupe.co\/pagina\/wp-json\/wp\/v2\/pages\/421"}],"collection":[{"href":"https:\/\/itaguadalupe.co\/pagina\/wp-json\/wp\/v2\/pages"}],"about":[{"href":"https:\/\/itaguadalupe.co\/pagina\/wp-json\/wp\/v2\/types\/page"}],"author":[{"embeddable":true,"href":"https:\/\/itaguadalupe.co\/pagina\/wp-json\/wp\/v2\/users\/1"}],"replies":[{"embeddable":true,"href":"https:\/\/itaguadalupe.co\/pagina\/wp-json\/wp\/v2\/comments?post=421"}],"version-history":[{"count":1,"href":"https:\/\/itaguadalupe.co\/pagina\/wp-json\/wp\/v2\/pages\/421\/revisions"}],"predecessor-version":[{"id":423,"href":"https:\/\/itaguadalupe.co\/pagina\/wp-json\/wp\/v2\/pages\/421\/revisions\/423"}],"wp:featuredmedia":[{"embeddable":true,"href":"https:\/\/itaguadalupe.co\/pagina\/wp-json\/wp\/v2\/media\/422"}],"wp:attachment":[{"href":"https:\/\/itaguadalupe.co\/pagina\/wp-json\/wp\/v2\/media?parent=421"}],"curies":[{"name":"wp","href":"https:\/\/api.w.org\/{rel}","templated":true}]}}